{"id":420,"date":"2024-10-16T15:46:42","date_gmt":"2024-10-16T15:46:42","guid":{"rendered":"http:\/\/srv613611.hstgr.cloud\/wordpress\/?post_type=product&#038;p=420"},"modified":"2025-05-27T22:15:06","modified_gmt":"2025-05-27T22:15:06","slug":"piano-na-pratica-anderson-farias","status":"publish","type":"product","link":"https:\/\/casasomamazonia.com\/wordpress\/product\/piano-na-pratica-anderson-farias\/","title":{"rendered":"Piano na Pr\u00e1tica &#8211; Anderson Farias"},"content":{"rendered":"<div id=\"detailBullets_feature_div\">\n<ul class=\"a-unordered-list a-nostyle a-vertical a-spacing-none detail-bullet-list\">\n<li><span class=\"a-list-item\"><span class=\"a-text-bold\">Idioma \u200f : \u200e\u00a0<\/span>Portugu\u00eas<\/span><\/li>\n<li><span class=\"a-list-item\"><span class=\"a-text-bold\">Tamanho do arquivo \u200f : \u200e\u00a0<\/span>74682 KB<\/span><\/li>\n<li><span class=\"a-list-item\"><span class=\"a-text-bold\">Quantidade de dispositivos em que \u00e9 poss\u00edvel ler este eBook ao mesmo tempo \u200f : \u200e\u00a0<\/span>Ilimitado<\/span><\/li>\n<li><span class=\"a-list-item\"><span class=\"a-text-bold\">Leitura de texto \u200f : \u200e\u00a0<\/span>Habilitado<\/span><\/li>\n<li><span class=\"a-list-item\"><span class=\"a-text-bold\">Leitor de tela \u200f : \u200e\u00a0<\/span>Compat\u00edvel<\/span><\/li>\n<li><span class=\"a-list-item\"><span class=\"a-text-bold\">Configura\u00e7\u00e3o de fonte \u200f : \u200e\u00a0<\/span>Habilitado<\/span><\/li>\n<li><span class=\"a-list-item\"><span class=\"a-text-bold\">Dicas de vocabul\u00e1rio \u200f : \u200e\u00a0<\/span>N\u00e3o habilitado<\/span><\/li>\n<li><span class=\"a-list-item\"><span class=\"a-text-bold\">N\u00famero de p\u00e1ginas \u200f : \u200e\u00a0<\/span>107 p\u00e1ginas<\/span><\/li>\n<\/ul>\n<\/div>\n<ul class=\"a-unordered-list a-nostyle a-vertical a-spacing-none detail-bullet-list\">\n<li><span class=\"a-list-item\"><span class=\"a-text-bold\">Ranking dos mais vendidos:\u00a0<\/span>N\u00ba 195.576 em Loja Kindle (<a href=\"https:\/\/www.amazon.com.br\/gp\/bestsellers\/digital-text\/ref=pd_zg_ts_digital-text\">Conhe\u00e7a o Top 100 na categoria Loja Kindle<\/a>)<\/span>\n<ul class=\"a-unordered-list a-nostyle a-vertical zg_hrsr\">\n<li><span class=\"a-list-item\">N\u00ba 281 em\u00a0<a href=\"https:\/\/www.amazon.com.br\/gp\/bestsellers\/books\/7841473011\/ref=pd_zg_hrsr_books\">Instrumentos Musicais e Int\u00e9rpretes<\/a><\/span><\/li>\n<li><span class=\"a-list-item\">N\u00ba 725 em\u00a0<a href=\"https:\/\/www.amazon.com.br\/gp\/bestsellers\/digital-text\/5559826011\/ref=pd_zg_hrsr_digital-text\">M\u00fasica (Loja Kindle)<\/a><\/span><\/li>\n<\/ul>\n<\/li>\n<\/ul>\n","protected":false},"excerpt":{"rendered":"<p>Neste livro, s\u00e3o abordados assuntos como: estruturas de acordes, condu\u00e7\u00f5es de<br \/>\nvozes, aplica\u00e7\u00e3o da harmonia do n\u00edvel mais simples ao mais complexo, e muito<br \/>\nmais. \u00c9 um guia para pianistas amadores, profissionais e n\u00e3o-pianistas, pois<br \/>\npensando em alunos que n\u00e3o dominam a leitura na pauta musical, cada exemplo<br \/>\n\u00e9 apresentado no diagrama de teclado, sendo poss\u00edvel tocar cada um a partir do<br \/>\ndicion\u00e1rio de acordes.<\/p>\n","protected":false},"featured_media":1549,"comment_status":"open","ping_status":"closed","template":"","meta":{"site-sidebar-layout":"default","site-content-layout":"","ast-site-content-layout":"default","site-content-style":"default","site-sidebar-style":"default","ast-global-header-display":"","ast-banner-title-visibility":"","ast-main-header-display":"","ast-hfb-above-header-display":"","ast-hfb-below-header-display":"","ast-hfb-mobile-header-display":"","site-post-title":"","ast-breadcrumbs-content":"","ast-featured-img":"","footer-sml-layout":"","theme-transparent-header-meta":"default","adv-header-id-meta":"","stick-header-meta":"","header-above-stick-meta":"","header-main-stick-meta":"","header-below-stick-meta":"","astra-migrate-meta-layouts":"set","ast-page-background-enabled":"default","ast-page-background-meta":{"desktop":{"background-color":"var(--ast-global-color-4)","background-image":"","background-repeat":"repeat","background-position":"center center","background-size":"auto","background-attachment":"scroll","background-type":"","background-media":"","overlay-type":"","overlay-color":"","overlay-opacity":"","overlay-gradient":""},"tablet":{"background-color":"","background-image":"","background-repeat":"repeat","background-position":"center center","background-size":"auto","background-attachment":"scroll","background-type":"","background-media":"","overlay-type":"","overlay-color":"","overlay-opacity":"","overlay-gradient":""},"mobile":{"background-color":"","background-image":"","background-repeat":"repeat","background-position":"center center","background-size":"auto","background-attachment":"scroll","background-type":"","background-media":"","overlay-type":"","overlay-color":"","overlay-opacity":"","overlay-gradient":""}},"ast-content-background-meta":{"desktop":{"background-color":"var(--ast-global-color-5)","background-image":"","background-repeat":"repeat","background-position":"center center","background-size":"auto","background-attachment":"scroll","background-type":"","background-media":"","overlay-type":"","overlay-color":"","overlay-opacity":"","overlay-gradient":""},"tablet":{"background-color":"var(--ast-global-color-5)","background-image":"","background-repeat":"repeat","background-position":"center center","background-size":"auto","background-attachment":"scroll","background-type":"","background-media":"","overlay-type":"","overlay-color":"","overlay-opacity":"","overlay-gradient":""},"mobile":{"background-color":"var(--ast-global-color-5)","background-image":"","background-repeat":"repeat","background-position":"center center","background-size":"auto","background-attachment":"scroll","background-type":"","background-media":"","overlay-type":"","overlay-color":"","overlay-opacity":"","overlay-gradient":""}}},"product_cat":[19],"product_tag":[20],"class_list":{"0":"post-420","1":"product","2":"type-product","3":"status-publish","4":"has-post-thumbnail","6":"product_cat-livro","7":"product_tag-andersonfarias","8":"desktop-align-left","9":"tablet-align-left","10":"mobile-align-left","12":"first","13":"instock","14":"downloadable","15":"shipping-taxable","16":"purchasable","17":"product-type-simple"},"_links":{"self":[{"href":"https:\/\/casasomamazonia.com\/wordpress\/wp-json\/wp\/v2\/product\/420","targetHints":{"allow":["GET"]}}],"collection":[{"href":"https:\/\/casasomamazonia.com\/wordpress\/wp-json\/wp\/v2\/product"}],"about":[{"href":"https:\/\/casasomamazonia.com\/wordpress\/wp-json\/wp\/v2\/types\/product"}],"replies":[{"embeddable":true,"href":"https:\/\/casasomamazonia.com\/wordpress\/wp-json\/wp\/v2\/comments?post=420"}],"wp:featuredmedia":[{"embeddable":true,"href":"https:\/\/casasomamazonia.com\/wordpress\/wp-json\/wp\/v2\/media\/1549"}],"wp:attachment":[{"href":"https:\/\/casasomamazonia.com\/wordpress\/wp-json\/wp\/v2\/media?parent=420"}],"wp:term":[{"taxonomy":"product_cat","embeddable":true,"href":"https:\/\/casasomamazonia.com\/wordpress\/wp-json\/wp\/v2\/product_cat?post=420"},{"taxonomy":"product_tag","embeddable":true,"href":"https:\/\/casasomamazonia.com\/wordpress\/wp-json\/wp\/v2\/product_tag?post=420"}],"curies":[{"name":"wp","href":"https:\/\/api.w.org\/{rel}","templated":true}]}}