{"id":1514,"date":"2025-03-18T15:25:17","date_gmt":"2025-03-18T15:25:17","guid":{"rendered":"https:\/\/casasomamazonia.com\/wordpress\/?post_type=product&#038;p=1514"},"modified":"2025-04-10T20:25:44","modified_gmt":"2025-04-10T20:25:44","slug":"construcao-e-estruturacao-de-acordes-anderson-farias","status":"publish","type":"product","link":"https:\/\/casasomamazonia.com\/wordpress\/product\/construcao-e-estruturacao-de-acordes-anderson-farias\/","title":{"rendered":"Constru\u00e7\u00e3o e Estrutura\u00e7\u00e3o de Acordes"},"content":{"rendered":"<p><span style=\"font-weight: 400;\">M\u00e9todo pr\u00e1tico de piano popular voltado para a harmonia funcional e a compreens\u00e3o das estruturas de acordes utilizadas na m\u00fasica jazz\u00edstica, bossa nova e em diversos g\u00eaneros da m\u00fasica contempor\u00e2nea influenciada pelo Jazz.<\/span><\/p>\n","protected":false},"excerpt":{"rendered":"<p><span style=\"font-weight: 400;\">M\u00e9todo pr\u00e1tico de piano popular voltado para a harmonia funcional e a compreens\u00e3o das estruturas de acordes utilizadas na m\u00fasica jazz\u00edstica, bossa nova e em diversos g\u00eaneros da m\u00fasica contempor\u00e2nea influenciada pelo Jazz.<\/span><\/p>\n","protected":false},"featured_media":1553,"comment_status":"open","ping_status":"closed","template":"","meta":{"site-sidebar-layout":"default","site-content-layout":"","ast-site-content-layout":"default","site-content-style":"default","site-sidebar-style":"default","ast-global-header-display":"","ast-banner-title-visibility":"","ast-main-header-display":"","ast-hfb-above-header-display":"","ast-hfb-below-header-display":"","ast-hfb-mobile-header-display":"","site-post-title":"","ast-breadcrumbs-content":"","ast-featured-img":"","footer-sml-layout":"","theme-transparent-header-meta":"default","adv-header-id-meta":"","stick-header-meta":"","header-above-stick-meta":"","header-main-stick-meta":"","header-below-stick-meta":"","astra-migrate-meta-layouts":"set","ast-page-background-enabled":"default","ast-page-background-meta":{"desktop":{"background-color":"var(--ast-global-color-4)","background-image":"","background-repeat":"repeat","background-position":"center center","background-size":"auto","background-attachment":"scroll","background-type":"","background-media":"","overlay-type":"","overlay-color":"","overlay-opacity":"","overlay-gradient":""},"tablet":{"background-color":"","background-image":"","background-repeat":"repeat","background-position":"center center","background-size":"auto","background-attachment":"scroll","background-type":"","background-media":"","overlay-type":"","overlay-color":"","overlay-opacity":"","overlay-gradient":""},"mobile":{"background-color":"","background-image":"","background-repeat":"repeat","background-position":"center center","background-size":"auto","background-attachment":"scroll","background-type":"","background-media":"","overlay-type":"","overlay-color":"","overlay-opacity":"","overlay-gradient":""}},"ast-content-background-meta":{"desktop":{"background-color":"var(--ast-global-color-5)","background-image":"","background-repeat":"repeat","background-position":"center center","background-size":"auto","background-attachment":"scroll","background-type":"","background-media":"","overlay-type":"","overlay-color":"","overlay-opacity":"","overlay-gradient":""},"tablet":{"background-color":"var(--ast-global-color-5)","background-image":"","background-repeat":"repeat","background-position":"center center","background-size":"auto","background-attachment":"scroll","background-type":"","background-media":"","overlay-type":"","overlay-color":"","overlay-opacity":"","overlay-gradient":""},"mobile":{"background-color":"var(--ast-global-color-5)","background-image":"","background-repeat":"repeat","background-position":"center center","background-size":"auto","background-attachment":"scroll","background-type":"","background-media":"","overlay-type":"","overlay-color":"","overlay-opacity":"","overlay-gradient":""}}},"product_cat":[19],"product_tag":[20],"class_list":{"0":"post-1514","1":"product","2":"type-product","3":"status-publish","4":"has-post-thumbnail","6":"product_cat-livro","7":"product_tag-andersonfarias","8":"desktop-align-left","9":"tablet-align-left","10":"mobile-align-left","12":"first","13":"instock","14":"downloadable","15":"shipping-taxable","16":"purchasable","17":"product-type-simple"},"_links":{"self":[{"href":"https:\/\/casasomamazonia.com\/wordpress\/wp-json\/wp\/v2\/product\/1514","targetHints":{"allow":["GET"]}}],"collection":[{"href":"https:\/\/casasomamazonia.com\/wordpress\/wp-json\/wp\/v2\/product"}],"about":[{"href":"https:\/\/casasomamazonia.com\/wordpress\/wp-json\/wp\/v2\/types\/product"}],"replies":[{"embeddable":true,"href":"https:\/\/casasomamazonia.com\/wordpress\/wp-json\/wp\/v2\/comments?post=1514"}],"wp:featuredmedia":[{"embeddable":true,"href":"https:\/\/casasomamazonia.com\/wordpress\/wp-json\/wp\/v2\/media\/1553"}],"wp:attachment":[{"href":"https:\/\/casasomamazonia.com\/wordpress\/wp-json\/wp\/v2\/media?parent=1514"}],"wp:term":[{"taxonomy":"product_cat","embeddable":true,"href":"https:\/\/casasomamazonia.com\/wordpress\/wp-json\/wp\/v2\/product_cat?post=1514"},{"taxonomy":"product_tag","embeddable":true,"href":"https:\/\/casasomamazonia.com\/wordpress\/wp-json\/wp\/v2\/product_tag?post=1514"}],"curies":[{"name":"wp","href":"https:\/\/api.w.org\/{rel}","templated":true}]}}